{"id":551,"date":"2020-08-14T13:27:11","date_gmt":"2020-08-14T13:27:11","guid":{"rendered":"https:\/\/startersites.io\/blocksy\/business\/?page_id=3"},"modified":"2024-05-26T13:59:58","modified_gmt":"2024-05-26T13:59:58","slug":"policy","status":"publish","type":"page","link":"https:\/\/sztukatornia.pl\/index.php\/policy\/","title":{"rendered":"Polityka prywatno\u015bci"},"content":{"rendered":"\t\t<div data-elementor-type=\"wp-page\" data-elementor-id=\"551\" class=\"elementor elementor-551\">\n\t\t\t\t<div class=\"elementor-element elementor-element-2835c6e7 e-flex e-con-boxed e-con e-parent\" data-id=\"2835c6e7\" data-element_type=\"container\">\n\t\t\t\t\t<div class=\"e-con-inner\">\n\t\t\t\t<div class=\"elementor-element elementor-element-4735ffe8 elementor-widget elementor-widget-text-editor\" data-id=\"4735ffe8\" data-element_type=\"widget\" data-widget_type=\"text-editor.default\">\n\t\t\t\t<div class=\"elementor-widget-container\">\n\t\t\t\t\t\t\t\t\t\n<h1 class=\"uk-heading-primary uk-margin-large-top uk-text-center wp-block-heading\">Polityka prywatno\u015bci<\/h1>\n<p class=\"pcontent uk-text-justify\">Administratorem Pa\u0144stwa danych osobowych przetwarzanych w zwi\u0105zku z korzystaniem z naszych us\u0142ug jest Pawe\u0142 Andrysiak SZTUKATORNIA z siedzib\u0105 we Wroc\u0142awiu, 53-641, ul. Litomska 3\/8, NIP: 8971364660, Regon: 932016620.<\/p>\n<p class=\"pcontent uk-text-justify\">Wszelkie dane osobowe przetwarzane s\u0105 zgodnie z obowi\u0105zuj\u0105cymi przepisami prawa, w tym w szczeg\u00f3lno\u015bci regulacjami zawartymi w Rozporz\u0105dzeniu Parlamentu Europejskiego i Rady Unii Europejskiej 2016\/679 z dnia 27 kwietnia 2016 r. w sprawie ochrony os\u00f3b fizycznych w zwi\u0105zku z przetwarzaniem danych osobowych i w sprawie swobodnego przep\u0142ywu takich danych oraz uchylenia dyrektywy 95\/46\/WE (og\u00f3lne rozporz\u0105dzenie o ochronie danych), tzw. \u201eRODO\u201d.<\/p>\n<p class=\"pcontent uk-text-justify\">W trosce o bezpiecze\u0144stwo powierzonych nam danych firma Pawe\u0142 Andrysiak SZTUKATORNIA opracowa\u0142a i wdro\u017cy\u0142a wewn\u0119trzne procedury, wprowadzi\u0142a \u015brodki ochrony natury technicznej oraz organizacyjnej, kt\u00f3re maj\u0105 zapobiec naruszeniom bezpiecze\u0144stwa danych, w szczeg\u00f3lno\u015bci chroni\u0105c je przed nieautoryzowanym dost\u0119pem b\u0105d\u017a zmian\u0105, kradzie\u017c\u0105 czy utrat\u0105.<\/p>\n<p class=\"pcontent uk-text-justify\">Dane osobowe traktowane s\u0105 jako informacje poufne i wykorzystywane tylko w jasno okre\u015blonych celach i wy\u0142\u0105cznie w zakresie niezb\u0119dnym dla ich realizacji. Dost\u0119p do danych maj\u0105 wy\u0142\u0105cznie osoby posiadaj\u0105ce stosowne upowa\u017cnienia lub podmioty uprawnione do dysponowania danymi na podstawie odr\u0119bnych um\u00f3w powierzenia. Dane mog\u0105 zosta\u0107 udost\u0119pnione r\u00f3wnie\u017c innym podmiotom, o ile jest to niezb\u0119dne dla spe\u0142nienia celu przetwarzania b\u0105d\u017a uzasadnione jest interesem administratora, b\u0105d\u017a osoby trzeciej. Mowa tu m.in. o operatorach pocztowych, firmach kurierskich, operatorach system\u00f3w p\u0142atno\u015bci, system\u00f3w informatycznych, czy kancelariach prawnych.<\/p>\n<p class=\"pcontent uk-text-justify\">Dane osobowe przetwarzane s\u0105 przede wszystkim w zwi\u0105zku obs\u0142ug\u0105 zapyta\u0144 ofertowych, korespondencj\u0105 elektroniczn\u0105 i prezentacj\u0105 oferty firmy.<\/p>\n<p class=\"pcontent uk-text-justify\">Dane osobowe przetwarzane s\u0105 zawsze w oparciu o konkretn\u0105, obowi\u0105zuj\u0105c\u0105 podstaw\u0119 prawn\u0105. Przetwarzanie danych osobowych przez firm\u0119 Pawe\u0142 Andrysiak SZTUKATORNIA ma wy\u0142\u0105cznie miejsce, gdy:<\/p>\n<ul class=\"uk-list uk-list-square\">\n<li>jest niezb\u0119dne do wykonania umowy (realizacji zam\u00f3wienia), kt\u00f3rej stron\u0105 jest osoba, kt\u00f3rej dane dotycz\u0105, lub do podj\u0119cia dzia\u0142a\u0144 na \u017c\u0105danie osoby, kt\u00f3rej dane dotycz\u0105, przed zawarciem umowy \u2013 art. 6 ust. 1 lit b RODO;<\/li>\n<li>jest niezb\u0119dne do wype\u0142nienia obowi\u0105zku prawnego ci\u0105\u017c\u0105cego na administratorze, wynikaj\u0105cego przyk\u0142adowo z ustawy o podatku od towar\u00f3w i us\u0142ug b\u0105d\u017a ordynacji podatkowej \u2013 art. 6 ust. 1 lit. c RODO;<\/li>\n<li>jest niezb\u0119dne do cel\u00f3w wynikaj\u0105cych z prawnie uzasadnionych interes\u00f3w realizowanych przez administratora, jak marketing produkt\u00f3w w\u0142asnych czy uzyskanie ochrony prawnej \u2013 art. 6 ust. 1 lit f RODO;<\/li>\n<li>osoba, kt\u00f3rej dane dotycz\u0105 wyrazi\u0142a zgod\u0119 na przetwarzanie swoich danych osobowych w jednym lub wi\u0119kszej liczbie okre\u015blonych cel\u00f3w.<\/li>\n<\/ul>\n<p class=\"pcontent uk-text-justify\">Powierzone firmie Pawe\u0142 Andrysiak SZTUKATORNIA dane osobowe nie s\u0105 udost\u0119pniane w jakikolwiek spos\u00f3b podmiotom spoza kr\u0119gu okre\u015blonego niniejsz\u0105 polityk\u0105 prywatno\u015bci, nie s\u0105 przekazywane do pa\u0144stw trzecich czy organizacji mi\u0119dzynarodowych.<\/p>\n<p class=\"pcontent uk-text-justify\">Dane przetwarzane s\u0105 wy\u0142\u0105cznie przez okres niezb\u0119dny do realizacji celu, dla kt\u00f3rego zosta\u0142y pozyskane. Wyd\u0142u\u017cenie czasu przetwarzania mo\u017ce nast\u0105pi\u0107 wy\u0142\u0105cznie na podstawie obowi\u0105zk\u00f3w na\u0142o\u017conych na firm\u0119 Pawe\u0142 Andrysiak SZTUKATORNIA przez przepisy prawa. S\u0105 to przede wszystkim obowi\u0105zki wynikaj\u0105ce z konieczno\u015bci przechowywania dokumentacji \u017ar\u00f3d\u0142owej na potrzeby ewentualnej kontroli podatkowej oraz w celu zabezpieczenia ewentualnych roszcze\u0144 zwi\u0105zanych z realizacj\u0105 zam\u00f3wie\u0144. W ostatnim przypadku dane przechowywane s\u0105 przez okres odpowiadaj\u0105cy terminom przedawnienia zdefiniowanym przepisami Kodeksu cywilnego.<\/p>\n<p class=\"pcontent uk-text-justify\">W przypadku przetwarzania danych osobowych na podstawie zgody osoby, kt\u00f3rej dane dotycz\u0105, zgoda mo\u017ce by\u0107 w ka\u017cdej chwili cofni\u0119ta bez wp\u0142ywu na legalno\u015b\u0107 przetwarzania przed jej cofni\u0119ciem. Wycofanie zgody mo\u017ce nast\u0105pi\u0107 w dowolnej formie, kt\u00f3ra pozwoli firmie zapozna\u0107 si\u0119 w wol\u0105 osoby, kt\u00f3rej dane dotycz\u0105.<\/p>\n<p class=\"pcontent uk-text-justify\">Podanie danych osobowych jest dobrowolne, jednak odmowa ich udost\u0119pnienia mo\u017ce uniemo\u017cliwi\u0107 realizacj\u0119 zam\u00f3wienia b\u0105d\u017a skorzystania z oferty firmy.<\/p>\n<p class=\"pcontent uk-text-justify\">Ka\u017cda osoba, kt\u00f3rej dane podlegaj\u0105 przetwarzaniu, ma r\u00f3wnie\u017c prawo:<\/p>\n<ul class=\"uk-list uk-list-square\">\n<li>dost\u0119pu do swoich danych, tj. uzyskania informacji, jakie dane znajduj\u0105 si\u0119 w dyspozycji firmy,<\/li>\n<li>korygowania b\u0105d\u017a uaktualniania danych celem dbania o rzetelno\u015b\u0107 danych i ich zgodno\u015b\u0107 ze stanem faktycznym,<\/li>\n<li>przenoszenia danych celem transferu informacji do innego administratora,<\/li>\n<li>ograniczenia przetwarzania danych w przypadkach okre\u015blonych obowi\u0105zuj\u0105cymi przepisami prawa,<\/li>\n<li>wniesienia sprzeciwu co do przetwarzania danych w przypadku, gdy s\u0105 one przetwarzane w celu realizacji uzasadnionych interes\u00f3w administratora,<\/li>\n<li>\u017c\u0105dania usuni\u0119cia danych tj. realizacja \u201eprawa do bycia zapomnianym\u201d.<\/li>\n<\/ul>\n<p class=\"pcontent uk-text-justify\">W przypadku stwierdzenia naruszenia przepis\u00f3w o przetwarzaniu danych osobowych ka\u017cda osoba, kt\u00f3rej dane dotycz\u0105, ma prawo wnie\u015b\u0107 skarg\u0119 do organu nadzorczego \u2013 Prezesa Urz\u0119du Ochrony Danych Osobowych.<\/p>\n<p class=\"pcontent uk-text-justify\">W celu realizacji praw wynikaj\u0105cych z przepis\u00f3w o ochronie danych osobowych mo\u017cna kontaktowa\u0107 si\u0119 w szczeg\u00f3lno\u015bci pod adres e-mail biuro@sztukatornia.pl, b\u0105d\u017a pisemnie na adres: ul. Litomska 3\/8, 53-641 Wroc\u0142aw.<\/p>\n<p class=\"pcontent uk-text-justify\">Na stronie sztukatornia.pl wykorzystywane s\u0105 pliki \u201ecookies\u201d (tzw. \u201eciasteczka\u201d). S\u0105 to ma\u0142e pliki tekstowe zapisywane na komputerze lub innym urz\u0105dzeniu mobilnym u\u017cytkownika w czasie korzystania przez niego z serwis\u00f3w internetowych. Pliki te s\u0142u\u017c\u0105 m.in. korzystaniu z r\u00f3\u017cnych funkcji przewidzianych na stronie internetowej lub potwierdzeniu, \u017ce dany u\u017cytkownik widzia\u0142 okre\u015blone tre\u015bci z danej witryny. Pliki te s\u0105 wykorzystywane, aby u\u0142atwi\u0107 i usprawni\u0107 wizyty na danej stroni. Generalnie istniej\u0105 dwa typy \u201ecookies\u201d \u2013 trwa\u0142e i tymczasowe (ciasteczka sesji). Trwa\u0142e ciasteczka s\u0105 zapisywane na komputerze lub urz\u0105dzeniu mobilnym przez okres nie d\u0142u\u017cszy ni\u017c 12 miesi\u0119cy. Natomiast ciasteczka sesji przechowuje si\u0119 jedynie tymczasowo i s\u0105 one usuwane, gdy tylko u\u017cytkownik zamyka przegl\u0105dark\u0119. Trwa\u0142e pliki \u201ecookie\u201d wykorzystywane s\u0105 do zapami\u0119tywania preferencji strony startowej u\u017cytkownika oraz przechowywania danych do ewentualnego logowania. Ciasteczek sesji u\u017cywa si\u0119, kiedy u\u017cytkownik korzysta z filtru produkt\u00f3w, a tak\u017ce do sprawdzenia, czy jeste\u015b zalogowany(a). Pliki \u201ecookie\u201d daj\u0105 si\u0119 \u0142atwo usun\u0105\u0107 z komputera lub urz\u0105dzenia mobilnego z poziomu przegl\u0105darki. Instrukcje dotycz\u0105ce obs\u0142ugi \u201ecookies\u201d oraz ich usuwania mo\u017cna odnale\u017a\u0107 w menu \u201ePomoc\u201d w przegl\u0105darce. Mo\u017cna r\u00f3wnie\u017c ca\u0142kowicie zablokowa\u0107 ciasteczka lub wybra\u0107 powiadamianie o ich ka\u017cdorazowym przesy\u0142aniu. Zablokowanie plik\u00f3w \u201ecookie\u201d mo\u017ce spowodowa\u0107, \u017ce niekt\u00f3re funkcje strony mog\u0105 by\u0107 niedost\u0119pne.<\/p>\n\t\t\t\t\t\t\t\t<\/div>\n\t\t\t\t<\/div>\n\t\t\t\t\t<\/div>\n\t\t\t\t<\/div>\n\t\t\t\t<\/div>\n\t\t","protected":false},"excerpt":{"rendered":"<p>Polityka prywatno\u015bci Administratorem Pa\u0144stwa danych osobowych przetwarzanych w zwi\u0105zku z korzystaniem z naszych us\u0142ug jest Pawe\u0142 Andrysiak SZTUKATORNIA z siedzib\u0105 we Wroc\u0142awiu, 53-641, ul. Litomska 3\/8, NIP: 8971364660, Regon: 932016620. Wszelkie dane osobowe przetwarzane s\u0105 zgodnie z obowi\u0105zuj\u0105cymi przepisami prawa, w tym w szczeg\u00f3lno\u015bci regulacjami zawartymi w Rozporz\u0105dzeniu Parlamentu Europejskiego i Rady Unii Europejskiej 2016\/679 [&hellip;]<\/p>\n","protected":false},"author":1,"featured_media":0,"parent":0,"menu_order":0,"comment_status":"closed","ping_status":"closed","template":"","meta":{"footnotes":""},"class_list":["post-551","page","type-page","status-publish","hentry"],"blocksy_meta":[],"_links":{"self":[{"href":"https:\/\/sztukatornia.pl\/index.php\/wp-json\/wp\/v2\/pages\/551","targetHints":{"allow":["GET"]}}],"collection":[{"href":"https:\/\/sztukatornia.pl\/index.php\/wp-json\/wp\/v2\/pages"}],"about":[{"href":"https:\/\/sztukatornia.pl\/index.php\/wp-json\/wp\/v2\/types\/page"}],"author":[{"embeddable":true,"href":"https:\/\/sztukatornia.pl\/index.php\/wp-json\/wp\/v2\/users\/1"}],"replies":[{"embeddable":true,"href":"https:\/\/sztukatornia.pl\/index.php\/wp-json\/wp\/v2\/comments?post=551"}],"version-history":[{"count":7,"href":"https:\/\/sztukatornia.pl\/index.php\/wp-json\/wp\/v2\/pages\/551\/revisions"}],"predecessor-version":[{"id":1592,"href":"https:\/\/sztukatornia.pl\/index.php\/wp-json\/wp\/v2\/pages\/551\/revisions\/1592"}],"wp:attachment":[{"href":"https:\/\/sztukatornia.pl\/index.php\/wp-json\/wp\/v2\/media?parent=551"}],"curies":[{"name":"wp","href":"https:\/\/api.w.org\/{rel}","templated":true}]}}